{"id":239,"date":"2025-04-16T14:31:45","date_gmt":"2025-04-16T14:31:45","guid":{"rendered":"http:\/\/localhost\/retrodrita\/?page_id=239"},"modified":"2025-06-10T22:48:33","modified_gmt":"2025-06-10T22:48:33","slug":"publikime","status":"publish","type":"page","link":"https:\/\/projects.gridcoding.com\/retrodrita\/publikime\/","title":{"rendered":"Publikime"},"content":{"rendered":"<p class=\"avenir-roman 2xl:text-[2vh] lg:text-[2vh] text-[1.4vh] text-[#7C7B7B] leading-auto lg:max-w-[70%] max-w-[90%]\">Nj\u00eb seri botimesh mbi rolin kulturor t\u00eb gazet\u00ebs \u201cDrita\u201d, p\u00ebrfshir\u00eb ndikimin n\u00eb kinematografi, kritik\u00ebn letrare dhe trash\u00ebgimin\u00eb e saj historike.<\/p>\n<div class=\"lg:flex hidden lg:flex-row flex-col flex-nowrap lg:gap-[4vh] gap-[3vh]\">\n<article class=\"item flex flex-col lg:gap-y-[2vh] gap-y-[1vh] lg:w-[30%]\">\n<div class=\"relative lg:min-w-[25vh] w-full\"><\/div>\n<\/article>\n<\/div>\n","protected":false},"excerpt":{"rendered":"<p>Nj\u00eb seri botimesh mbi rolin kulturor t\u00eb gazet\u00ebs \u201cDrita\u201d, p\u00ebrfshir\u00eb ndikimin n\u00eb kinematografi, kritik\u00ebn letrare dhe trash\u00ebgimin\u00eb e saj historike.<\/p>\n","protected":false},"author":1,"featured_media":0,"parent":0,"menu_order":0,"comment_status":"closed","ping_status":"closed","template":"pages\/publikime.php","meta":{"_acf_changed":false,"footnotes":""},"class_list":["post-239","page","type-page","status-publish","hentry"],"acf":[],"_links":{"self":[{"href":"https:\/\/projects.gridcoding.com\/retrodrita\/wp-json\/wp\/v2\/pages\/239","targetHints":{"allow":["GET"]}}],"collection":[{"href":"https:\/\/projects.gridcoding.com\/retrodrita\/wp-json\/wp\/v2\/pages"}],"about":[{"href":"https:\/\/projects.gridcoding.com\/retrodrita\/wp-json\/wp\/v2\/types\/page"}],"author":[{"embeddable":true,"href":"https:\/\/projects.gridcoding.com\/retrodrita\/wp-json\/wp\/v2\/users\/1"}],"replies":[{"embeddable":true,"href":"https:\/\/projects.gridcoding.com\/retrodrita\/wp-json\/wp\/v2\/comments?post=239"}],"version-history":[{"count":3,"href":"https:\/\/projects.gridcoding.com\/retrodrita\/wp-json\/wp\/v2\/pages\/239\/revisions"}],"predecessor-version":[{"id":645,"href":"https:\/\/projects.gridcoding.com\/retrodrita\/wp-json\/wp\/v2\/pages\/239\/revisions\/645"}],"wp:attachment":[{"href":"https:\/\/projects.gridcoding.com\/retrodrita\/wp-json\/wp\/v2\/media?parent=239"}],"curies":[{"name":"wp","href":"https:\/\/api.w.org\/{rel}","templated":true}]}}